{"id":79,"date":"2024-04-24T09:02:51","date_gmt":"2024-04-24T09:02:51","guid":{"rendered":"http:\/\/passionate-skippers.de\/?page_id=79"},"modified":"2024-05-20T19:58:41","modified_gmt":"2024-05-20T17:58:41","slug":"mediathek","status":"publish","type":"page","link":"https:\/\/www.fc-staetzling.de\/RopeSkipping\/mediathek\/","title":{"rendered":"Mediathek"},"content":{"rendered":"\t\t<div data-elementor-type=\"wp-page\" data-elementor-id=\"79\" class=\"elementor elementor-79\">\n\t\t\t\t<div class=\"elementor-element elementor-element-f78290b e-flex e-con-boxed wpr-particle-no wpr-jarallax-no wpr-parallax-no wpr-sticky-section-no e-con e-parent\" data-id=\"f78290b\" data-element_type=\"container\">\n\t\t\t\t\t<div class=\"e-con-inner\">\n\t\t\t\t<div class=\"elementor-element elementor-element-60cd740 elementor-widget elementor-widget-spacer\" data-id=\"60cd740\" data-element_type=\"widget\" data-widget_type=\"spacer.default\">\n\t\t\t\t<div class=\"elementor-widget-container\">\n\t\t\t\t\t\t\t<div class=\"elementor-spacer\">\n\t\t\t<div class=\"elementor-spacer-inner\"><\/div>\n\t\t<\/div>\n\t\t\t\t\t\t<\/div>\n\t\t\t\t<\/div>\n\t\t\t\t\t<\/div>\n\t\t\t\t<\/div>\n\t\t<div class=\"elementor-element elementor-element-9adeaf5 e-con-full e-flex wpr-sticky-section-no elementor-invisible e-con e-parent\" data-id=\"9adeaf5\" data-element_type=\"container\" data-settings=\"{&quot;background_background&quot;:&quot;classic&quot;,&quot;animation&quot;:&quot;fadeIn&quot;}\">\n\t\t<div class=\"elementor-element elementor-element-eb4d93a e-con-full e-flex wpr-particle-no wpr-jarallax-no wpr-parallax-no wpr-sticky-section-no e-con e-child\" data-id=\"eb4d93a\" data-element_type=\"container\">\n\t\t\t\t<div class=\"elementor-element elementor-element-e724b16 wpr-promo-box-style-cover elementor-invisible elementor-widget elementor-widget-wpr-promo-box\" data-id=\"e724b16\" data-element_type=\"widget\" data-settings=\"{&quot;_animation&quot;:&quot;fadeIn&quot;}\" data-widget_type=\"wpr-promo-box.default\">\n\t\t\t\t<div class=\"elementor-widget-container\">\n\t\t\t\t\t\n\t\t<div class=\"wpr-promo-box wpr-animation-wrap\">\n\n\t\t\t\t\t\t<a class=\"wpr-promo-box-link\" href=\"https:\/\/www.fc-staetzling.de\/RopeSkipping\/mediathek\/wettkaempfe\/\"><\/a>\t\n\t\t\t\t\t\t\t\n\t\t\t\t\t\t\t<div class=\"wpr-promo-box-image\">\n\t\t\t\t\t<div class=\"wpr-promo-box-bg-image wpr-bg-anim-none wpr-anim-timing-ease-default\" style=\"background-image:url(https:\/\/www.fc-staetzling.de\/RopeSkipping\/wp-content\/uploads\/2024\/05\/single-rope-individual-freestyle-dem-2024-7.png);\"><\/div>\n\t\t\t\t\t<div class=\"wpr-promo-box-bg-overlay wpr-border-anim-none\"><\/div>\n\t\t\t\t<\/div>\n\t\t\t\t\t\t\n\t\t\t<div class=\"wpr-promo-box-content\">\n\n\t\t\t\t\n\t\t\t\t<h2 class=\"wpr-promo-box-title\"><span>Wettk\u00e4mpfe<\/span><\/h2>\n\t\t\t\t\n\t\t\t\t\t\t\t<\/div>\n\n\t\t\t\t\t<\/div>\n\n\t\t\t\t\t\t<\/div>\n\t\t\t\t<\/div>\n\t\t\t\t<\/div>\n\t\t<div class=\"elementor-element elementor-element-73a3aaf e-con-full e-flex wpr-particle-no wpr-jarallax-no wpr-parallax-no wpr-sticky-section-no e-con e-child\" data-id=\"73a3aaf\" data-element_type=\"container\">\n\t\t\t\t<div class=\"elementor-element elementor-element-6a252ac wpr-promo-box-style-cover elementor-invisible elementor-widget elementor-widget-wpr-promo-box\" data-id=\"6a252ac\" data-element_type=\"widget\" data-settings=\"{&quot;_animation&quot;:&quot;fadeIn&quot;}\" data-widget_type=\"wpr-promo-box.default\">\n\t\t\t\t<div class=\"elementor-widget-container\">\n\t\t\t\t\t\n\t\t<div class=\"wpr-promo-box wpr-animation-wrap\">\n\n\t\t\t\t\t\t<a class=\"wpr-promo-box-link\" href=\"https:\/\/www.fc-staetzling.de\/RopeSkipping\/mediathek\/shows\/\"><\/a>\t\n\t\t\t\t\t\t\t\n\t\t\t\t\t\t\t<div class=\"wpr-promo-box-image\">\n\t\t\t\t\t<div class=\"wpr-promo-box-bg-image wpr-bg-anim-none wpr-anim-timing-ease-default\" style=\"background-image:url(https:\/\/www.fc-staetzling.de\/RopeSkipping\/wp-content\/uploads\/2024\/04\/mediathek-shows-768x465.png);\"><\/div>\n\t\t\t\t\t<div class=\"wpr-promo-box-bg-overlay wpr-border-anim-none\"><\/div>\n\t\t\t\t<\/div>\n\t\t\t\t\t\t\n\t\t\t<div class=\"wpr-promo-box-content\">\n\n\t\t\t\t\n\t\t\t\t<h3 class=\"wpr-promo-box-title\"><span>Shows<\/span><\/h3>\n\t\t\t\t\n\t\t\t\t\t\t\t<\/div>\n\n\t\t\t\t\t<\/div>\n\n\t\t\t\t\t\t<\/div>\n\t\t\t\t<\/div>\n\t\t\t\t<\/div>\n\t\t<div class=\"elementor-element elementor-element-a852c9a e-con-full e-flex wpr-particle-no wpr-jarallax-no wpr-parallax-no wpr-sticky-section-no e-con e-child\" data-id=\"a852c9a\" data-element_type=\"container\">\n\t\t\t\t<div class=\"elementor-element elementor-element-f7698ea wpr-promo-box-style-cover elementor-invisible elementor-widget elementor-widget-wpr-promo-box\" data-id=\"f7698ea\" data-element_type=\"widget\" data-settings=\"{&quot;_animation&quot;:&quot;fadeIn&quot;}\" data-widget_type=\"wpr-promo-box.default\">\n\t\t\t\t<div class=\"elementor-widget-container\">\n\t\t\t\t\t\n\t\t<div class=\"wpr-promo-box wpr-animation-wrap\">\n\n\t\t\t\t\t\t<a class=\"wpr-promo-box-link\" href=\"https:\/\/www.fc-staetzling.de\/RopeSkipping\/mediathek\/weitere-bilder\/\"><\/a>\t\n\t\t\t\t\t\t\t\n\t\t\t\t\t\t\t<div class=\"wpr-promo-box-image\">\n\t\t\t\t\t<div class=\"wpr-promo-box-bg-image wpr-bg-anim-none wpr-anim-timing-ease-default\" style=\"background-image:url(https:\/\/www.fc-staetzling.de\/RopeSkipping\/wp-content\/uploads\/2024\/04\/mediathek-weitere-bilder-768x565.png);\"><\/div>\n\t\t\t\t\t<div class=\"wpr-promo-box-bg-overlay wpr-border-anim-none\"><\/div>\n\t\t\t\t<\/div>\n\t\t\t\t\t\t\n\t\t\t<div class=\"wpr-promo-box-content\">\n\n\t\t\t\t\n\t\t\t\t<h3 class=\"wpr-promo-box-title\"><span>Weitere Bilder<\/span><\/h3>\n\t\t\t\t\n\t\t\t\t\t\t\t<\/div>\n\n\t\t\t\t\t<\/div>\n\n\t\t\t\t\t\t<\/div>\n\t\t\t\t<\/div>\n\t\t\t\t<\/div>\n\t\t<div class=\"elementor-element elementor-element-d34cf20 e-con-full e-flex wpr-particle-no wpr-jarallax-no wpr-parallax-no wpr-sticky-section-no e-con e-child\" data-id=\"d34cf20\" data-element_type=\"container\">\n\t\t\t\t<div class=\"elementor-element elementor-element-16d6fa8 wpr-promo-box-style-cover elementor-invisible elementor-widget elementor-widget-wpr-promo-box\" data-id=\"16d6fa8\" data-element_type=\"widget\" data-settings=\"{&quot;_animation&quot;:&quot;fadeIn&quot;}\" data-widget_type=\"wpr-promo-box.default\">\n\t\t\t\t<div class=\"elementor-widget-container\">\n\t\t\t\t\t\n\t\t<div class=\"wpr-promo-box wpr-animation-wrap\">\n\n\t\t\t\t\t\t<a class=\"wpr-promo-box-link\" href=\"https:\/\/www.fc-staetzling.de\/RopeSkipping\/mediathek\/videos\/\"><\/a>\t\n\t\t\t\t\t\t\t\n\t\t\t\t\t\t\t<div class=\"wpr-promo-box-image\">\n\t\t\t\t\t<div class=\"wpr-promo-box-bg-image wpr-bg-anim-none wpr-anim-timing-ease-default\" style=\"background-image:url(https:\/\/www.fc-staetzling.de\/RopeSkipping\/wp-content\/uploads\/2024\/04\/mediathek-videos.png);\"><\/div>\n\t\t\t\t\t<div class=\"wpr-promo-box-bg-overlay wpr-border-anim-none\"><\/div>\n\t\t\t\t<\/div>\n\t\t\t\t\t\t\n\t\t\t<div class=\"wpr-promo-box-content\">\n\n\t\t\t\t\n\t\t\t\t<h3 class=\"wpr-promo-box-title\"><span>Videos<\/span><\/h3>\n\t\t\t\t\n\t\t\t\t\t\t\t<\/div>\n\n\t\t\t\t\t<\/div>\n\n\t\t\t\t\t\t<\/div>\n\t\t\t\t<\/div>\n\t\t\t\t<\/div>\n\t\t\t\t<\/div>\n\t\t\t\t<\/div>\n\t\t","protected":false},"excerpt":{"rendered":"<p>Wettk\u00e4mpfe Shows Weitere Bilder Videos<\/p>\n","protected":false},"author":1,"featured_media":0,"parent":0,"menu_order":0,"comment_status":"closed","ping_status":"closed","template":"elementor_header_footer","meta":{"footnotes":""},"class_list":["post-79","page","type-page","status-publish","hentry"],"yoast_head":"<!-- This site is optimized with the Yoast SEO plugin v24.9 - https:\/\/yoast.com\/wordpress\/plugins\/seo\/ -->\n<title>Mediathek - Passionate Skippers<\/title>\n<meta name=\"description\" content=\"Rope Skipping Wettk\u00e4mpfe, Shows, Videos und mehr. Schau unbedingt regelm\u00e4\u00dfig in unserer Mediathek vorbei, um nichts zu verpassen.\" \/>\n<meta name=\"robots\" content=\"index, follow, max-snippet:-1, max-image-preview:large, max-video-preview:-1\" \/>\n<link rel=\"canonical\" href=\"https:\/\/www.fc-staetzling.de\/RopeSkipping\/mediathek\/\" \/>\n<meta property=\"og:locale\" content=\"de_DE\" \/>\n<meta property=\"og:type\" content=\"article\" \/>\n<meta property=\"og:title\" content=\"Mediathek - Passionate Skippers\" \/>\n<meta property=\"og:description\" content=\"Rope Skipping Wettk\u00e4mpfe, Shows, Videos und mehr. Schau unbedingt regelm\u00e4\u00dfig in unserer Mediathek vorbei, um nichts zu verpassen.\" \/>\n<meta property=\"og:url\" content=\"https:\/\/www.fc-staetzling.de\/RopeSkipping\/mediathek\/\" \/>\n<meta property=\"og:site_name\" content=\"Passionate Skippers\" \/>\n<meta property=\"article:publisher\" content=\"https:\/\/www.facebook.com\/PassionateSkippers\" \/>\n<meta property=\"article:modified_time\" content=\"2024-05-20T17:58:41+00:00\" \/>\n<meta name=\"twitter:card\" content=\"summary_large_image\" \/>\n<meta name=\"twitter:label1\" content=\"Gesch\u00e4tzte Lesezeit\" \/>\n\t<meta name=\"twitter:data1\" content=\"1\u00a0Minute\" \/>\n<script type=\"application\/ld+json\" class=\"yoast-schema-graph\">{\"@context\":\"https:\/\/schema.org\",\"@graph\":[{\"@type\":\"WebPage\",\"@id\":\"https:\/\/www.fc-staetzling.de\/RopeSkipping\/mediathek\/\",\"url\":\"https:\/\/www.fc-staetzling.de\/RopeSkipping\/mediathek\/\",\"name\":\"Mediathek - Passionate Skippers\",\"isPartOf\":{\"@id\":\"https:\/\/www.fc-staetzling.de\/RopeSkipping\/#website\"},\"datePublished\":\"2024-04-24T09:02:51+00:00\",\"dateModified\":\"2024-05-20T17:58:41+00:00\",\"description\":\"Rope Skipping Wettk\u00e4mpfe, Shows, Videos und mehr. Schau unbedingt regelm\u00e4\u00dfig in unserer Mediathek vorbei, um nichts zu verpassen.\",\"breadcrumb\":{\"@id\":\"https:\/\/www.fc-staetzling.de\/RopeSkipping\/mediathek\/#breadcrumb\"},\"inLanguage\":\"de\",\"potentialAction\":[{\"@type\":\"ReadAction\",\"target\":[\"https:\/\/www.fc-staetzling.de\/RopeSkipping\/mediathek\/\"]}]},{\"@type\":\"BreadcrumbList\",\"@id\":\"https:\/\/www.fc-staetzling.de\/RopeSkipping\/mediathek\/#breadcrumb\",\"itemListElement\":[{\"@type\":\"ListItem\",\"position\":1,\"name\":\"Startseite\",\"item\":\"https:\/\/www.fc-staetzling.de\/RopeSkipping\/\"},{\"@type\":\"ListItem\",\"position\":2,\"name\":\"Mediathek\"}]},{\"@type\":\"WebSite\",\"@id\":\"https:\/\/www.fc-staetzling.de\/RopeSkipping\/#website\",\"url\":\"https:\/\/www.fc-staetzling.de\/RopeSkipping\/\",\"name\":\"Passionate Skippers\",\"description\":\"Die Rope Skipping Leistungsgruppe beim FC St\u00e4tzling\",\"publisher\":{\"@id\":\"https:\/\/www.fc-staetzling.de\/RopeSkipping\/#organization\"},\"potentialAction\":[{\"@type\":\"SearchAction\",\"target\":{\"@type\":\"EntryPoint\",\"urlTemplate\":\"https:\/\/www.fc-staetzling.de\/RopeSkipping\/?s={search_term_string}\"},\"query-input\":{\"@type\":\"PropertyValueSpecification\",\"valueRequired\":true,\"valueName\":\"search_term_string\"}}],\"inLanguage\":\"de\"},{\"@type\":\"Organization\",\"@id\":\"https:\/\/www.fc-staetzling.de\/RopeSkipping\/#organization\",\"name\":\"Passionate Skippers\",\"url\":\"https:\/\/www.fc-staetzling.de\/RopeSkipping\/\",\"logo\":{\"@type\":\"ImageObject\",\"inLanguage\":\"de\",\"@id\":\"https:\/\/www.fc-staetzling.de\/RopeSkipping\/#\/schema\/logo\/image\/\",\"url\":\"https:\/\/www.fc-staetzling.de\/RopeSkipping\/wp-content\/uploads\/2024\/05\/logo-passionate-skippers.png\",\"contentUrl\":\"https:\/\/www.fc-staetzling.de\/RopeSkipping\/wp-content\/uploads\/2024\/05\/logo-passionate-skippers.png\",\"width\":756,\"height\":295,\"caption\":\"Passionate Skippers\"},\"image\":{\"@id\":\"https:\/\/www.fc-staetzling.de\/RopeSkipping\/#\/schema\/logo\/image\/\"},\"sameAs\":[\"https:\/\/www.facebook.com\/PassionateSkippers\",\"https:\/\/www.instagram.com\/passionate_skippers\/\"]}]}<\/script>\n<!-- \/ Yoast SEO plugin. -->","yoast_head_json":{"title":"Mediathek - Passionate Skippers","description":"Rope Skipping Wettk\u00e4mpfe, Shows, Videos und mehr. Schau unbedingt regelm\u00e4\u00dfig in unserer Mediathek vorbei, um nichts zu verpassen.","robots":{"index":"index","follow":"follow","max-snippet":"max-snippet:-1","max-image-preview":"max-image-preview:large","max-video-preview":"max-video-preview:-1"},"canonical":"https:\/\/www.fc-staetzling.de\/RopeSkipping\/mediathek\/","og_locale":"de_DE","og_type":"article","og_title":"Mediathek - Passionate Skippers","og_description":"Rope Skipping Wettk\u00e4mpfe, Shows, Videos und mehr. Schau unbedingt regelm\u00e4\u00dfig in unserer Mediathek vorbei, um nichts zu verpassen.","og_url":"https:\/\/www.fc-staetzling.de\/RopeSkipping\/mediathek\/","og_site_name":"Passionate Skippers","article_publisher":"https:\/\/www.facebook.com\/PassionateSkippers","article_modified_time":"2024-05-20T17:58:41+00:00","twitter_card":"summary_large_image","twitter_misc":{"Gesch\u00e4tzte Lesezeit":"1\u00a0Minute"},"schema":{"@context":"https:\/\/schema.org","@graph":[{"@type":"WebPage","@id":"https:\/\/www.fc-staetzling.de\/RopeSkipping\/mediathek\/","url":"https:\/\/www.fc-staetzling.de\/RopeSkipping\/mediathek\/","name":"Mediathek - Passionate Skippers","isPartOf":{"@id":"https:\/\/www.fc-staetzling.de\/RopeSkipping\/#website"},"datePublished":"2024-04-24T09:02:51+00:00","dateModified":"2024-05-20T17:58:41+00:00","description":"Rope Skipping Wettk\u00e4mpfe, Shows, Videos und mehr. Schau unbedingt regelm\u00e4\u00dfig in unserer Mediathek vorbei, um nichts zu verpassen.","breadcrumb":{"@id":"https:\/\/www.fc-staetzling.de\/RopeSkipping\/mediathek\/#breadcrumb"},"inLanguage":"de","potentialAction":[{"@type":"ReadAction","target":["https:\/\/www.fc-staetzling.de\/RopeSkipping\/mediathek\/"]}]},{"@type":"BreadcrumbList","@id":"https:\/\/www.fc-staetzling.de\/RopeSkipping\/mediathek\/#breadcrumb","itemListElement":[{"@type":"ListItem","position":1,"name":"Startseite","item":"https:\/\/www.fc-staetzling.de\/RopeSkipping\/"},{"@type":"ListItem","position":2,"name":"Mediathek"}]},{"@type":"WebSite","@id":"https:\/\/www.fc-staetzling.de\/RopeSkipping\/#website","url":"https:\/\/www.fc-staetzling.de\/RopeSkipping\/","name":"Passionate Skippers","description":"Die Rope Skipping Leistungsgruppe beim FC St\u00e4tzling","publisher":{"@id":"https:\/\/www.fc-staetzling.de\/RopeSkipping\/#organization"},"potentialAction":[{"@type":"SearchAction","target":{"@type":"EntryPoint","urlTemplate":"https:\/\/www.fc-staetzling.de\/RopeSkipping\/?s={search_term_string}"},"query-input":{"@type":"PropertyValueSpecification","valueRequired":true,"valueName":"search_term_string"}}],"inLanguage":"de"},{"@type":"Organization","@id":"https:\/\/www.fc-staetzling.de\/RopeSkipping\/#organization","name":"Passionate Skippers","url":"https:\/\/www.fc-staetzling.de\/RopeSkipping\/","logo":{"@type":"ImageObject","inLanguage":"de","@id":"https:\/\/www.fc-staetzling.de\/RopeSkipping\/#\/schema\/logo\/image\/","url":"https:\/\/www.fc-staetzling.de\/RopeSkipping\/wp-content\/uploads\/2024\/05\/logo-passionate-skippers.png","contentUrl":"https:\/\/www.fc-staetzling.de\/RopeSkipping\/wp-content\/uploads\/2024\/05\/logo-passionate-skippers.png","width":756,"height":295,"caption":"Passionate Skippers"},"image":{"@id":"https:\/\/www.fc-staetzling.de\/RopeSkipping\/#\/schema\/logo\/image\/"},"sameAs":["https:\/\/www.facebook.com\/PassionateSkippers","https:\/\/www.instagram.com\/passionate_skippers\/"]}]}},"_links":{"self":[{"href":"https:\/\/www.fc-staetzling.de\/RopeSkipping\/wp-json\/wp\/v2\/pages\/79","targetHints":{"allow":["GET"]}}],"collection":[{"href":"https:\/\/www.fc-staetzling.de\/RopeSkipping\/wp-json\/wp\/v2\/pages"}],"about":[{"href":"https:\/\/www.fc-staetzling.de\/RopeSkipping\/wp-json\/wp\/v2\/types\/page"}],"author":[{"embeddable":true,"href":"https:\/\/www.fc-staetzling.de\/RopeSkipping\/wp-json\/wp\/v2\/users\/1"}],"replies":[{"embeddable":true,"href":"https:\/\/www.fc-staetzling.de\/RopeSkipping\/wp-json\/wp\/v2\/comments?post=79"}],"version-history":[{"count":0,"href":"https:\/\/www.fc-staetzling.de\/RopeSkipping\/wp-json\/wp\/v2\/pages\/79\/revisions"}],"wp:attachment":[{"href":"https:\/\/www.fc-staetzling.de\/RopeSkipping\/wp-json\/wp\/v2\/media?parent=79"}],"curies":[{"name":"wp","href":"https:\/\/api.w.org\/{rel}","templated":true}]}}